{"id":36,"date":"2018-11-03T17:54:28","date_gmt":"2018-11-03T20:54:28","guid":{"rendered":"http:\/\/book35.com.br\/index.php\/about\/"},"modified":"2018-11-20T11:30:25","modified_gmt":"2018-11-20T13:30:25","slug":"sobre","status":"publish","type":"page","link":"https:\/\/www.book35.com.br\/index.php\/sobre\/","title":{"rendered":"Sobre"},"content":{"rendered":"\t\t<div data-elementor-type=\"post\" data-elementor-id=\"36\" class=\"elementor elementor-36 elementor-bc-flex-widget\" data-elementor-settings=\"[]\">\n\t\t\t<div class=\"elementor-inner\">\n\t\t\t\t<div class=\"elementor-section-wrap\">\n\t\t\t\t\t\t\t<section class=\"elementor-element elementor-element-1e2c858f elementor-section-boxed elementor-section-height-default elementor-section-height-default elementor-section elementor-top-section\" data-id=\"1e2c858f\" data-element_type=\"section\">\n\t\t\t\t\t\t<div class=\"elementor-container elementor-column-gap-default\">\n\t\t\t\t<div class=\"elementor-row\">\n\t\t\t\t<div class=\"elementor-element elementor-element-4f71c75d elementor-column elementor-col-100 elementor-top-column\" data-id=\"4f71c75d\" data-element_type=\"column\">\n\t\t\t<div class=\"elementor-column-wrap  elementor-element-populated\">\n\t\t\t\t\t<div class=\"elementor-widget-wrap\">\n\t\t\t\t<div class=\"elementor-element elementor-element-5e1851f7 elementor-widget elementor-widget-text-editor\" data-id=\"5e1851f7\" data-element_type=\"widget\" data-widget_type=\"text-editor.default\">\n\t\t\t\t<div class=\"elementor-widget-container\">\n\t\t\t\t\t<div class=\"elementor-text-editor elementor-clearfix\"><div class=\"col-md-6 col-sm-6 col-xs-12\"><div class=\"about-img-area wow fadeInDown animated animated animated animated animated\" style=\"visibility: visible; animation-delay: 0.4s; animation-name: fadeInDown;\" data-wow-delay=\"0.4s\"><h1>Sobre o Book35<\/h1><h5><span style=\"color: #373737; font-size: 2.1em;\">N\u00f3s priorizamos a qualidade e estabilidade dos nossos aplicativos.<\/span><\/h5><\/div><\/div><div class=\"col-md-6 col-sm-6 col-xs-12 wow fadeInDown animated animated animated animated animated\" style=\"visibility: visible; animation-delay: 0.4s; animation-name: fadeInDown;\" data-wow-delay=\"0.4s\"><p>Desde 2011, nosso trabalho veem se consolidado cada vez mais, focamos na estabilidade e qualidade dos aplicativos. Para toda e qualquer solicita\u00e7\u00e3o de customiza\u00e7\u00e3o essas duas premissas sempre priorizadas.<\/p><p>O aplicativo surgiu dentro da Cal\u00e7ados Cecconello, com o foco no usu\u00e1rio (Representante). Os recursos dispon\u00edveis no aplicativo s\u00e3o cuidadosamente avaliados sempre levando em conta os benef\u00edcios que o usu\u00e1rio final ter\u00e1.<\/p><p>Possu\u00edmos um crit\u00e9rio na troca de dados chamado de 8 ou 80, ou a sincroniza\u00e7\u00e3o ocorre de forma satisfat\u00f3ria ou o processo \u00e9 abordado. Nossa integra\u00e7\u00e3o de pedidos ocorre por meio de uma API que entrega o pedido em formato XML que \u00e9 recebido pelo web service, ent\u00e3o \u00e9 salvo no banco de dados, que por sua vez valida os dados de acordo com a regra de neg\u00f3cio de cada empresa e ent\u00e3o, ou grava o pedido com sucesso ou devolve uma cr\u00edtica. O pedido \u00e9 incluso somente se atender a regra imposta, isso garante que, n\u00e3o haver\u00e1 pedidos parcialmente gravados com itens faltantes e\/ou pedidos com cabe\u00e7alhos e sem nenhum item gravado.\u00a0<\/p><\/div><\/div>\n\t\t\t\t<\/div>\n\t\t\t\t<\/div>\n\t\t\t\t\t\t<\/div>\n\t\t\t<\/div>\n\t\t<\/div>\n\t\t\t\t\t\t<\/div>\n\t\t\t<\/div>\n\t\t<\/section>\n\t\t\t\t\t\t<\/div>\n\t\t\t<\/div>\n\t\t<\/div>\n\t\t","protected":false},"excerpt":{"rendered":"<p>Sobre o Book35 N\u00f3s priorizamos a qualidade e estabilidade dos nossos aplicativos. Desde 2011, nosso trabalho veem se consolidado cada vez mais, focamos na estabilidade&hellip;<\/p>\n","protected":false},"author":1,"featured_media":0,"parent":0,"menu_order":0,"comment_status":"closed","ping_status":"closed","template":"","meta":[],"_links":{"self":[{"href":"https:\/\/www.book35.com.br\/index.php\/wp-json\/wp\/v2\/pages\/36"}],"collection":[{"href":"https:\/\/www.book35.com.br\/index.php\/wp-json\/wp\/v2\/pages"}],"about":[{"href":"https:\/\/www.book35.com.br\/index.php\/wp-json\/wp\/v2\/types\/page"}],"author":[{"embeddable":true,"href":"https:\/\/www.book35.com.br\/index.php\/wp-json\/wp\/v2\/users\/1"}],"replies":[{"embeddable":true,"href":"https:\/\/www.book35.com.br\/index.php\/wp-json\/wp\/v2\/comments?post=36"}],"version-history":[{"count":6,"href":"https:\/\/www.book35.com.br\/index.php\/wp-json\/wp\/v2\/pages\/36\/revisions"}],"predecessor-version":[{"id":269,"href":"https:\/\/www.book35.com.br\/index.php\/wp-json\/wp\/v2\/pages\/36\/revisions\/269"}],"wp:attachment":[{"href":"https:\/\/www.book35.com.br\/index.php\/wp-json\/wp\/v2\/media?parent=36"}],"curies":[{"name":"wp","href":"https:\/\/api.w.org\/{rel}","templated":true}]}}